{"id":43,"date":"2026-03-18T08:37:22","date_gmt":"2026-03-18T08:37:22","guid":{"rendered":"https:\/\/demo.bravisthemes.com\/verita\/?page_id=43"},"modified":"2026-03-24T19:55:06","modified_gmt":"2026-03-24T19:55:06","slug":"contacto","status":"publish","type":"page","link":"https:\/\/kurulaseguranca.co.mz\/en\/contacto\/","title":{"rendered":"Contact"},"content":{"rendered":"\t\t<div data-elementor-type=\"wp-page\" data-elementor-id=\"43\" class=\"elementor elementor-43\" data-elementor-post-type=\"page\">\n\t\t\t\t<div class=\"elementor-element elementor-element-c9829e1 e-flex e-con-boxed pxl-row-scroll-none pxl-zoom-point-false pxl-section-overflow-visible pxl-section-fix-none pxl-bg-color-none pxl-section-overlay-none e-con e-parent \" data-id=\"c9829e1\" data-element_type=\"container\" data-e-type=\"container\">\t\t\t<div class=\"e-con-inner\">\r\n\t\t<div class=\"elementor-element elementor-element-833df4c e-con-full e-flex pxl-row-scroll-none pxl-zoom-point-false pxl-section-overflow-visible pxl-section-fix-none pxl-bg-color-none pxl-section-overlay-none e-con e-child \" data-id=\"833df4c\" data-element_type=\"container\" data-e-type=\"container\">\t\t<div class=\"elementor-element elementor-element-033823f elementor-widget elementor-widget-pxl_heading\" data-id=\"033823f\" data-element_type=\"widget\" data-e-type=\"widget\" data-widget_type=\"pxl_heading.default\">\n\t\t\t\t<div class=\"elementor-widget-container\">\n\t\t\t\t\t\n<div id=\"pxl-pxl_heading-033823f-3867\" class=\"pxl-heading \" data-animation-type=\"df\">\n\t<div class=\"pxl-heading--inner\">\n\t\t\n\t\t<h2 class=\"pxl-item--title pxl-heading__style-scroll-gradient highlight-default  df\" data-wow-delay=\"ms\">\n\t\t\t<span class=\"pxl-heading--text\">\n\t\t\t\t\t\t\t\t\tEntre em contacto\t\n\t\t\t\t\t\t\t<\/span>\n\t\t<\/h2>\n\t<\/div>\n<\/div>\t\t\t\t<\/div>\n\t\t\t\t<\/div>\n\t\t\t\t<div class=\"elementor-element elementor-element-fba3683 elementor-widget elementor-widget-pxl_text_editor\" data-id=\"fba3683\" data-element_type=\"widget\" data-e-type=\"widget\" data-widget_type=\"pxl_text_editor.default\">\n\t\t\t\t<div class=\"elementor-widget-container\">\n\t\t\t\t\t<div class=\"pxl-text-editor\">\n\t<div class=\"pxl-item--inner wow fadeInRight\" data-wow-delay=\"ms\">\n\t\t<div class=\"flex flex-col text-sm pb-25\"><section class=\"text-token-text-primary w-full focus:outline-none [--shadow-height:45px] has-data-writing-block:pointer-events-none has-data-writing-block:-mt-(--shadow-height) has-data-writing-block:pt-(--shadow-height) [&amp;:has([data-writing-block])&gt;*]:pointer-events-auto scroll-mt-[calc(var(--header-height)+min(200px,max(70px,20svh)))]\" dir=\"auto\" data-turn-id=\"request-WEB:f0184794-dc97-4ab4-821a-873d26cd0c95-17\" data-testid=\"conversation-turn-32\" data-scroll-anchor=\"true\" data-turn=\"assistant\"><div class=\"text-base my-auto mx-auto pb-10 [--thread-content-margin:var(--thread-content-margin-xs,calc(var(--spacing)*4))] @w-sm\/main:[--thread-content-margin:var(--thread-content-margin-sm,calc(var(--spacing)*6))] @w-lg\/main:[--thread-content-margin:var(--thread-content-margin-lg,calc(var(--spacing)*16))] px-(--thread-content-margin)\"><div class=\"[--thread-content-max-width:40rem] @w-lg\/main:[--thread-content-max-width:48rem] mx-auto max-w-(--thread-content-max-width) flex-1 group\/turn-messages focus-visible:outline-hidden relative flex w-full min-w-0 flex-col agent-turn\"><div class=\"flex max-w-full flex-col gap-4 grow\"><div class=\"min-h-8 text-message relative flex w-full flex-col items-end gap-2 text-start break-words whitespace-normal outline-none keyboard-focused:focus-ring [.text-message+&amp;]:mt-1\" dir=\"auto\" data-message-author-role=\"assistant\" data-message-id=\"fa40bc2a-cc5d-4f46-bcf3-ca38153d66ef\" data-message-model-slug=\"gpt-5-mini\" data-turn-start-message=\"true\"><div class=\"flex w-full flex-col gap-1 empty:hidden\"><div class=\"markdown prose dark:prose-invert w-full wrap-break-word light markdown-new-styling\"><p data-start=\"0\" data-end=\"133\" data-is-last-node=\"\" data-is-only-node=\"\">Estamos dispon\u00edveis para esclarecer d\u00favidas e oferecer solu\u00e7\u00f5es de seguran\u00e7a personalizadas.<\/p><\/div><\/div><\/div><\/div><\/div><\/div><\/section><\/div>\t<\/div>\n<\/div>\t\t\t\t<\/div>\n\t\t\t\t<\/div>\n\t\t\t\t<div class=\"elementor-element elementor-element-4dc9769 elementor-widget elementor-widget-pxl_link\" data-id=\"4dc9769\" data-element_type=\"widget\" data-e-type=\"widget\" data-widget_type=\"pxl_link.default\">\n\t\t\t\t<div class=\"elementor-widget-container\">\n\t\t\t\t\t<div class=\"pxl-link-wrap\">\r\n    <h3 class=\"pxl-widget-title pxl-empty\"><\/h3>\r\n            <ul id=\"pxl-link-pxl_link-4dc9769-7909\" class=\"pxl-link pxl-link-l1 style-default type-vertical\">\r\n                                <li class=\"pxl-item--link  wow fadeInRight\">\r\n                        <a >\r\n                                                            <span class=\"pxl-link--icon\">\r\n                                    <i aria-hidden=\"true\" class=\"fas fa-map-marker-alt\"><\/i>                                <\/span>\r\n                                                        <span class=\"pxl-link--text\">Av. OUA 1074, Cidade de Maputo \u2013 Mo\u00e7ambique<\/span>\r\n                        <\/a>\r\n                    <\/li>\r\n                                <li class=\"pxl-item--link  wow fadeInRight\">\r\n                        <a >\r\n                                                            <span class=\"pxl-link--icon\">\r\n                                    <i aria-hidden=\"true\" class=\"bootstrap-icons bi-telephone-fill\"><\/i>                                <\/span>\r\n                                                        <span class=\"pxl-link--text\">(+258) 86 202 6387 | 847970820<\/span>\r\n                        <\/a>\r\n                    <\/li>\r\n                                <li class=\"pxl-item--link  wow fadeInRight\">\r\n                        <a >\r\n                                                            <span class=\"pxl-link--icon\">\r\n                                    <i aria-hidden=\"true\" class=\"fas fa-envelope\"><\/i>                                <\/span>\r\n                                                        <span class=\"pxl-link--text\">info@kurulaseguranca.co.mz<\/span>\r\n                        <\/a>\r\n                    <\/li>\r\n                    <\/ul>\r\n    <\/div>\t\t\t\t<\/div>\n\t\t\t\t<\/div>\n\t\t\t\t<\/div>\r\n\t\t<div class=\"elementor-element elementor-element-a015168 e-con-full e-flex pxl-row-scroll-none pxl-zoom-point-false pxl-section-overflow-visible pxl-section-fix-none pxl-bg-color-none pxl-section-overlay-none e-con e-child \" data-id=\"a015168\" data-element_type=\"container\" data-e-type=\"container\" data-settings=\"{&quot;background_background&quot;:&quot;classic&quot;}\">\t\t<div class=\"elementor-element elementor-element-232ca56 elementor-widget elementor-widget-pxl_contact_form\" data-id=\"232ca56\" data-element_type=\"widget\" data-e-type=\"widget\" data-widget_type=\"pxl_contact_form.default\">\n\t\t\t\t<div class=\"elementor-widget-container\">\n\t\t\t\t\t    <div class=\"pxl-contact-form pxl-contact-form1 btn-default btn-w-auto \" data-wow-delay=\"ms\">\r\n        \n<div class=\"wpcf7 no-js\" id=\"wpcf7-f1484-o1\" lang=\"en-US\" dir=\"ltr\" data-wpcf7-id=\"1484\">\n<div class=\"screen-reader-response\"><p role=\"status\" aria-live=\"polite\" aria-atomic=\"true\"><\/p> <ul><\/ul><\/div>\n<form action=\"\/en\/wp-json\/wp\/v2\/pages\/43#wpcf7-f1484-o1\" method=\"post\" class=\"wpcf7-form init\" aria-label=\"Contact form\" novalidate=\"novalidate\" data-status=\"init\">\n<fieldset class=\"hidden-fields-container\"><input type=\"hidden\" name=\"_wpcf7\" value=\"1484\" \/><input type=\"hidden\" name=\"_wpcf7_version\" value=\"6.1.5\" \/><input type=\"hidden\" name=\"_wpcf7_locale\" value=\"en_US\" \/><input type=\"hidden\" name=\"_wpcf7_unit_tag\" value=\"wpcf7-f1484-o1\" \/><input type=\"hidden\" name=\"_wpcf7_container_post\" value=\"0\" \/><input type=\"hidden\" name=\"_wpcf7_posted_data_hash\" value=\"\" \/>\n<\/fieldset>\n<div class=\"wp-row-ctf7\">\n\t<div class=\"input-filled\">\n\t\t<p><span class=\"wpcf7-form-control-wrap\" data-name=\"your-name\"><input size=\"40\" maxlength=\"400\" class=\"wpcf7-form-control wpcf7-text wpcf7-validates-as-required\" autocomplete=\"name\" aria-required=\"true\" aria-invalid=\"false\" placeholder=\"Nome \/ Empresa\" value=\"\" type=\"text\" name=\"your-name\" \/><\/span>\n\t\t<\/p>\n\t<\/div>\n\t<div class=\"input-filled\">\n\t\t<p><span class=\"wpcf7-form-control-wrap\" data-name=\"your-email\"><input size=\"40\" maxlength=\"400\" class=\"wpcf7-form-control wpcf7-email wpcf7-validates-as-required wpcf7-text wpcf7-validates-as-email\" autocomplete=\"email\" aria-required=\"true\" aria-invalid=\"false\" placeholder=\"Email\" value=\"\" type=\"email\" name=\"your-email\" \/><\/span>\n\t\t<\/p>\n\t<\/div>\n\t<div class=\"input-filled\">\n\t\t<p><span class=\"wpcf7-form-control-wrap\" data-name=\"your-phone\"><input size=\"40\" maxlength=\"400\" class=\"wpcf7-form-control wpcf7-tel wpcf7-validates-as-required wpcf7-text wpcf7-validates-as-tel\" aria-required=\"true\" aria-invalid=\"false\" placeholder=\"Contacto \/ Telefone\" value=\"\" type=\"tel\" name=\"your-phone\" \/><\/span>\n\t\t<\/p>\n\t<\/div>\n\t<div class=\"input-filled\">\n\t\t<p><span class=\"wpcf7-form-control-wrap\" data-name=\"your-address\"><input size=\"40\" maxlength=\"400\" class=\"wpcf7-form-control wpcf7-text wpcf7-validates-as-required\" aria-required=\"true\" aria-invalid=\"false\" placeholder=\"Endere\u00e7o\" value=\"\" type=\"text\" name=\"your-address\" \/><\/span>\n\t\t<\/p>\n\t<\/div>\n\t<div class=\"input-filled\">\n\t\t<p><span class=\"wpcf7-form-control-wrap\" data-name=\"your-message\"><textarea cols=\"40\" rows=\"10\" maxlength=\"2000\" class=\"wpcf7-form-control wpcf7-textarea wpcf7-validates-as-required\" aria-required=\"true\" aria-invalid=\"false\" placeholder=\"Digite a sua mensagem ou servi\u00e7o desejado...\" name=\"your-message\"><\/textarea><\/span>\n\t\t<\/p>\n\t<\/div>\n\t<div class=\"input-filled input-filled-btn\">\n\t\t<p><button class=\"wpcf7-submit\" type=\"submit\"><br \/>\n<span class=\"pxl-text\">Submeter<\/span><br \/>\n<span class=\"pxl--icon\"><i class=\"icomoon icomoon-arrow-right\"><\/i><\/span><br \/>\n<\/button>\n\t\t<\/p>\n\t<\/div>\n<\/div><div class=\"wpcf7-response-output\" aria-hidden=\"true\"><\/div>\n<\/form>\n<\/div>\n    <\/div>\r\n\t\t\t\t<\/div>\n\t\t\t\t<\/div>\n\t\t\t\t<\/div>\r\n\t\t\t\t\t<\/div>\r\n\t\t\t\t<\/div>\r\n\t\t<div class=\"elementor-element elementor-element-bd64abe e-con-full e-flex pxl-row-scroll-none pxl-zoom-point-false pxl-section-overflow-visible pxl-section-fix-none pxl-bg-color-none pxl-section-overlay-none e-con e-parent \" data-id=\"bd64abe\" data-element_type=\"container\" data-e-type=\"container\">\t\t<div class=\"elementor-element elementor-element-47793dc elementor-widget elementor-widget-google_maps\" data-id=\"47793dc\" data-element_type=\"widget\" data-e-type=\"widget\" data-widget_type=\"google_maps.default\">\n\t\t\t\t\t\t\t<div class=\"elementor-custom-embed\">\n\t\t\t<iframe loading=\"lazy\"\n\t\t\t\t\tsrc=\"https:\/\/maps.google.com\/maps?q=Cidade%20de%20maputo&#038;t=m&#038;z=17&#038;output=embed&#038;iwloc=near\"\n\t\t\t\t\ttitle=\"Cidade de maputo\"\n\t\t\t\t\taria-label=\"Cidade de maputo\"\n\t\t\t><\/iframe>\n\t\t<\/div>\n\t\t\t\t\t\t<\/div>\n\t\t\t\t<\/div>\r\n\t\t\t\t<\/div>\n\t\t","protected":false},"excerpt":{"rendered":"<p>Entre em contacto Estamos dispon\u00edveis para esclarecer d\u00favidas e oferecer solu\u00e7\u00f5es de seguran\u00e7a personalizadas. Av. OUA 1074, Cidade de Maputo \u2013 Mo\u00e7ambique (+258) 86 202 6387 | 847970820 info@kurulaseguranca.co.mz Submeter<\/p>","protected":false},"author":1,"featured_media":0,"parent":0,"menu_order":0,"comment_status":"closed","ping_status":"closed","template":"","meta":{"footnotes":""},"class_list":["post-43","page","type-page","status-publish","hentry"],"yoast_head":"<!-- This site is optimized with the Yoast SEO plugin v27.3 - https:\/\/yoast.com\/product\/yoast-seo-wordpress\/ -->\n<title>Contacto - Kurula Seguran\u00e7a<\/title>\n<meta name=\"robots\" content=\"index, follow, max-snippet:-1, max-image-preview:large, max-video-preview:-1\" \/>\n<link rel=\"canonical\" href=\"https:\/\/kurulaseguranca.co.mz\/en\/contacto\/\" \/>\n<meta property=\"og:locale\" content=\"en_US\" \/>\n<meta property=\"og:type\" content=\"article\" \/>\n<meta property=\"og:title\" content=\"Contacto - Kurula Seguran\u00e7a\" \/>\n<meta property=\"og:description\" content=\"Entre em contacto Estamos dispon\u00edveis para esclarecer d\u00favidas e oferecer solu\u00e7\u00f5es de seguran\u00e7a personalizadas. Av. OUA 1074, Cidade de Maputo \u2013 Mo\u00e7ambique (+258) 86 202 6387 | 847970820 info@kurulaseguranca.co.mz Submeter\" \/>\n<meta property=\"og:url\" content=\"https:\/\/kurulaseguranca.co.mz\/en\/contacto\/\" \/>\n<meta property=\"og:site_name\" content=\"Kurula Seguran\u00e7a\" \/>\n<meta property=\"article:modified_time\" content=\"2026-03-24T19:55:06+00:00\" \/>\n<meta name=\"twitter:card\" content=\"summary_large_image\" \/>\n<script type=\"application\/ld+json\" class=\"yoast-schema-graph\">{\"@context\":\"https:\\\/\\\/schema.org\",\"@graph\":[{\"@type\":\"WebPage\",\"@id\":\"https:\\\/\\\/kurulaseguranca.co.mz\\\/contacto\\\/\",\"url\":\"https:\\\/\\\/kurulaseguranca.co.mz\\\/contacto\\\/\",\"name\":\"Contacto - Kurula Seguran\u00e7a\",\"isPartOf\":{\"@id\":\"https:\\\/\\\/kurulaseguranca.co.mz\\\/#website\"},\"datePublished\":\"2026-03-18T08:37:22+00:00\",\"dateModified\":\"2026-03-24T19:55:06+00:00\",\"breadcrumb\":{\"@id\":\"https:\\\/\\\/kurulaseguranca.co.mz\\\/contacto\\\/#breadcrumb\"},\"inLanguage\":\"en-US\",\"potentialAction\":[{\"@type\":\"ReadAction\",\"target\":[\"https:\\\/\\\/kurulaseguranca.co.mz\\\/contacto\\\/\"]}]},{\"@type\":\"BreadcrumbList\",\"@id\":\"https:\\\/\\\/kurulaseguranca.co.mz\\\/contacto\\\/#breadcrumb\",\"itemListElement\":[{\"@type\":\"ListItem\",\"position\":1,\"name\":\"In\u00edcio\",\"item\":\"https:\\\/\\\/kurulaseguranca.co.mz\\\/\"},{\"@type\":\"ListItem\",\"position\":2,\"name\":\"Contacto\"}]},{\"@type\":\"WebSite\",\"@id\":\"https:\\\/\\\/kurulaseguranca.co.mz\\\/#website\",\"url\":\"https:\\\/\\\/kurulaseguranca.co.mz\\\/\",\"name\":\"Kurula Seguran\u00e7a\",\"description\":\"Protegemos o que mais importa\",\"potentialAction\":[{\"@type\":\"SearchAction\",\"target\":{\"@type\":\"EntryPoint\",\"urlTemplate\":\"https:\\\/\\\/kurulaseguranca.co.mz\\\/?s={search_term_string}\"},\"query-input\":{\"@type\":\"PropertyValueSpecification\",\"valueRequired\":true,\"valueName\":\"search_term_string\"}}],\"inLanguage\":\"en-US\"}]}<\/script>\n<!-- \/ Yoast SEO plugin. -->","yoast_head_json":{"title":"Contacto - Kurula Seguran\u00e7a","robots":{"index":"index","follow":"follow","max-snippet":"max-snippet:-1","max-image-preview":"max-image-preview:large","max-video-preview":"max-video-preview:-1"},"canonical":"https:\/\/kurulaseguranca.co.mz\/en\/contacto\/","og_locale":"en_US","og_type":"article","og_title":"Contacto - Kurula Seguran\u00e7a","og_description":"Entre em contacto Estamos dispon\u00edveis para esclarecer d\u00favidas e oferecer solu\u00e7\u00f5es de seguran\u00e7a personalizadas. Av. OUA 1074, Cidade de Maputo \u2013 Mo\u00e7ambique (+258) 86 202 6387 | 847970820 info@kurulaseguranca.co.mz Submeter","og_url":"https:\/\/kurulaseguranca.co.mz\/en\/contacto\/","og_site_name":"Kurula Seguran\u00e7a","article_modified_time":"2026-03-24T19:55:06+00:00","twitter_card":"summary_large_image","schema":{"@context":"https:\/\/schema.org","@graph":[{"@type":"WebPage","@id":"https:\/\/kurulaseguranca.co.mz\/contacto\/","url":"https:\/\/kurulaseguranca.co.mz\/contacto\/","name":"Contacto - Kurula Seguran\u00e7a","isPartOf":{"@id":"https:\/\/kurulaseguranca.co.mz\/#website"},"datePublished":"2026-03-18T08:37:22+00:00","dateModified":"2026-03-24T19:55:06+00:00","breadcrumb":{"@id":"https:\/\/kurulaseguranca.co.mz\/contacto\/#breadcrumb"},"inLanguage":"en-US","potentialAction":[{"@type":"ReadAction","target":["https:\/\/kurulaseguranca.co.mz\/contacto\/"]}]},{"@type":"BreadcrumbList","@id":"https:\/\/kurulaseguranca.co.mz\/contacto\/#breadcrumb","itemListElement":[{"@type":"ListItem","position":1,"name":"In\u00edcio","item":"https:\/\/kurulaseguranca.co.mz\/"},{"@type":"ListItem","position":2,"name":"Contacto"}]},{"@type":"WebSite","@id":"https:\/\/kurulaseguranca.co.mz\/#website","url":"https:\/\/kurulaseguranca.co.mz\/","name":"Kurula Security","description":"We protect what matters most","potentialAction":[{"@type":"SearchAction","target":{"@type":"EntryPoint","urlTemplate":"https:\/\/kurulaseguranca.co.mz\/?s={search_term_string}"},"query-input":{"@type":"PropertyValueSpecification","valueRequired":true,"valueName":"search_term_string"}}],"inLanguage":"en-US"}]}},"_hostinger_reach_plugin_has_subscription_block":false,"_hostinger_reach_plugin_is_elementor":false,"_links":{"self":[{"href":"https:\/\/kurulaseguranca.co.mz\/en\/wp-json\/wp\/v2\/pages\/43","targetHints":{"allow":["GET"]}}],"collection":[{"href":"https:\/\/kurulaseguranca.co.mz\/en\/wp-json\/wp\/v2\/pages"}],"about":[{"href":"https:\/\/kurulaseguranca.co.mz\/en\/wp-json\/wp\/v2\/types\/page"}],"author":[{"embeddable":true,"href":"https:\/\/kurulaseguranca.co.mz\/en\/wp-json\/wp\/v2\/users\/1"}],"replies":[{"embeddable":true,"href":"https:\/\/kurulaseguranca.co.mz\/en\/wp-json\/wp\/v2\/comments?post=43"}],"version-history":[{"count":34,"href":"https:\/\/kurulaseguranca.co.mz\/en\/wp-json\/wp\/v2\/pages\/43\/revisions"}],"predecessor-version":[{"id":10871,"href":"https:\/\/kurulaseguranca.co.mz\/en\/wp-json\/wp\/v2\/pages\/43\/revisions\/10871"}],"wp:attachment":[{"href":"https:\/\/kurulaseguranca.co.mz\/en\/wp-json\/wp\/v2\/media?parent=43"}],"curies":[{"name":"wp","href":"https:\/\/api.w.org\/{rel}","templated":true}]}}